{"id":644,"date":"2017-01-07T14:28:24","date_gmt":"2017-01-07T14:28:24","guid":{"rendered":"http:\/\/www.mareike-enghusen.de\/?page_id=644"},"modified":"2022-01-09T15:34:09","modified_gmt":"2022-01-09T15:34:09","slug":"jordanien","status":"publish","type":"page","link":"https:\/\/www.mareike-enghusen.de\/?page_id=644","title":{"rendered":"Jordanien"},"content":{"rendered":"<h3>Teurer Stabilit\u00e4tsanker<\/h3>\n<p>Jordaniens wichtigster Wirtschaftszweig sind internationale Hilfen. Auch Deutschland unterst\u00fctzt das Land mit Millionen \u2013 und f\u00f6rdert damit eine fatale Subventionsmentalit\u00e4t.<br \/>\n<a href=\"https:\/\/www.wiwo.de\/my\/politik\/ausland\/teurer-stabilitaetsanker-jordaniens-wirtschaft-waechst-aber-ohne-finanzhilfen-laeuft-nichts\/25523642.html\" target=\"_blank\" rel=\"noopener noreferrer\">WirtschaftsWoche, 02\/2020<\/a><\/p>\n<h3>Wind im R\u00fccken<\/h3>\n<p>Der Jordanier Mohammed Al-Shaker f\u00fchrte schon als Kind ein Wettertagebuch. Der Erfolg seiner Firma Arabia Weather soll nun junge Gr\u00fcnder im kriselnden Land befl\u00fcgeln.<br \/>\n<a href=\"https:\/\/www.brandeins.de\/magazine\/brand-eins-wirtschaftsmagazin\/2018\/wetter\/arabia-weather-wind-im-ruecken\" target=\"_blank\" rel=\"noopener noreferrer\">Brandeins, 08\/2018<\/a><\/p>\n<h3>Land am Tropf<\/h3>\n<p>Finanzhilfen aus dem Westen halten Jordanien stabil \u2013 und die Machthaber im Amt. Doch die \u00f6konomischen Probleme des Landes bleiben ungel\u00f6st.<br \/>\n<a href=\"https:\/\/www.zeit.de\/2018\/46\/jordanien-finanzhilfen-machthaber-stabilitaet-iwf-kfw\" target=\"_blank\" rel=\"noopener noreferrer\">Die Zeit, 11\/2018<\/a><\/p>\n<h3>An die Tastatur!<\/h3>\n<p>Mit moderner Technik soll die Welt ein besserer Ort werden, so das Versprechen. In Jordanien wird es in der Praxis \u00fcberpr\u00fcft: mit der Ausbildung von syrischen Fl\u00fcchtlingen.<br \/>\n<a href=\"https:\/\/www.brandeins.de\/archiv\/2017\/mut\/re-boot-kamp-rbk-jordanien-an-die-tastatur\/\" target=\"_blank\" rel=\"noopener noreferrer\">Brandeins, 04\/2017<\/a><\/p>\n<h3>Aus der H\u00f6lle in die H\u00f6lle<\/h3>\n<p>Unter syrischen Fl\u00fcchtlingen in Jordanien steigt die Zahl der Kinderehen dramatisch: Mittlerweile sind ein Drittel der Br\u00e4ute j\u00fcnger als 18.<br \/>\n<a href=\"https:\/\/www.welt.de\/print\/die_welt\/politik\/article163321251\/Aus-der-Hoelle-in-die-Hoelle.html\" target=\"_blank\" rel=\"noopener noreferrer\">Die Welt, 04\/2017<br \/>\n<\/a><\/p>\n<h3>Gef\u00e4hrliche Freunde<\/h3>\n<p>Einige jordanische Christen kooperieren mit Islamisten. Ihre Glaubensbr\u00fcder halten das f\u00fcr naiv \u2013 und gef\u00e4hrlich.<br \/>\n<a href=\"http:\/\/www.zeit.de\/2017\/12\/jordanien-christen-islamisten-muslimbrueder\" target=\"_blank\" rel=\"noopener noreferrer\">Die Zeit, 03\/2017<br \/>\n<\/a><\/p>\n<p><strong>Weitere Artikel finden Sie auf <a href=\"https:\/\/www.torial.com\/mareike.enghusen\" target=\"_blank\" rel=\"noopener noreferrer\">Torial<\/a>.<\/strong><\/p>\n","protected":false},"excerpt":{"rendered":"<p>Teurer Stabilit\u00e4tsanker Jordaniens wichtigster Wirtschaftszweig sind internationale Hilfen. Auch Deutschland unterst\u00fctzt das Land mit Millionen \u2013 und f\u00f6rdert damit eine fatale Subventionsmentalit\u00e4t. WirtschaftsWoche, 02\/2020 Wind im R\u00fccken Der&#8230;<\/p>\n","protected":false},"author":1,"featured_media":0,"parent":0,"menu_order":0,"comment_status":"closed","ping_status":"closed","template":"","meta":{"footnotes":"","_links_to":"","_links_to_target":""},"class_list":["post-644","page","type-page","status-publish","hentry"],"_links":{"self":[{"href":"https:\/\/www.mareike-enghusen.de\/index.php?rest_route=\/wp\/v2\/pages\/644"}],"collection":[{"href":"https:\/\/www.mareike-enghusen.de\/index.php?rest_route=\/wp\/v2\/pages"}],"about":[{"href":"https:\/\/www.mareike-enghusen.de\/index.php?rest_route=\/wp\/v2\/types\/page"}],"author":[{"embeddable":true,"href":"https:\/\/www.mareike-enghusen.de\/index.php?rest_route=\/wp\/v2\/users\/1"}],"replies":[{"embeddable":true,"href":"https:\/\/www.mareike-enghusen.de\/index.php?rest_route=%2Fwp%2Fv2%2Fcomments&post=644"}],"version-history":[{"count":34,"href":"https:\/\/www.mareike-enghusen.de\/index.php?rest_route=\/wp\/v2\/pages\/644\/revisions"}],"predecessor-version":[{"id":2075,"href":"https:\/\/www.mareike-enghusen.de\/index.php?rest_route=\/wp\/v2\/pages\/644\/revisions\/2075"}],"wp:attachment":[{"href":"https:\/\/www.mareike-enghusen.de\/index.php?rest_route=%2Fwp%2Fv2%2Fmedia&parent=644"}],"curies":[{"name":"wp","href":"https:\/\/api.w.org\/{rel}","templated":true}]}}