{"id":642,"date":"2017-01-07T14:28:10","date_gmt":"2017-01-07T14:28:10","guid":{"rendered":"http:\/\/www.mareike-enghusen.de\/?page_id=642"},"modified":"2024-07-25T08:58:02","modified_gmt":"2024-07-25T08:58:02","slug":"palaestinensergebiete","status":"publish","type":"page","link":"https:\/\/www.mareike-enghusen.de\/?page_id=642","title":{"rendered":"Pal\u00e4stinensergebiete"},"content":{"rendered":"<h3>Mit Crowdfunding raus aus Gaza<\/h3>\n<p><span class=\"text\">Tausende Pal\u00e4stinenser sammeln Geld durch Online-Kampagnen, um ihre Flucht aus Gaza zu finanzieren. Eine dubiose \u00e4gyptische Firma verdient Millionen mit dem Leid.<\/span><br \/>\n<a href=\"https:\/\/www.tagesspiegel.de\/internationales\/flucht-im-crowdfunding-wie-ein-familienvater-spenden-sammelte-um-gaza-zu-entkommen-11718359.html\" target=\"_blank\" rel=\"noopener noreferrer\">Der Tagesspiegel, 05\/2024<\/a><\/p>\n<h3>Die Pal\u00e4stinenser und der Holocaust: Die Bem\u00fchungen eines Professors um Vers\u00f6hnung<\/h3>\n<p><span class=\"text\">Mohammed Dajani reiste mit Studenten zur Gedenkst\u00e4tte des ehemaligen KZ Auschwitz. Die anschlie\u00dfende Emp\u00f6rung kostete ihn seine Professur.<\/span><br \/>\n<a href=\"https:\/\/www.tagesspiegel.de\/gesellschaft\/palastina-ein-bisschen-frieden-8816758.html\" target=\"_blank\" rel=\"noopener noreferrer\">Der Tagesspiegel, 10\/2022<\/a><\/p>\n<h3>Brutale \u00dcbergriffe<\/h3>\n<p><span class=\"text\">Eine radikale Minderheit israelischer Siedler attackiert pal\u00e4stinensische Bauern. Israels Regierung hat das Problem erkannt. Doch politisch ist das Thema heikel.<\/span><br \/>\n<a href=\"https:\/\/plus.tagesspiegel.de\/gesellschaft\/reportage\/brutale-ubergriffe-auf-palastinenser-warum-werden-israelische-siedler-gewalttatig-527472.html\" target=\"_blank\" rel=\"noopener noreferrer\">Der Tagesspiegel, 07\/2022<\/a><\/p>\n<h3>Tr\u00e4nengas, Pr\u00fcgel und ein gewaltsamer Tod<\/h3>\n<p><span class=\"text\">Ein Zorn wie vor zehn Jahren: Seit Wochen erheben sich Pal\u00e4stinenser im Westjordanland gegen ihre korrupte Regierung.<\/span><br \/>\n<a href=\"https:\/\/www.tagesspiegel.de\/gesellschaft\/traenengas-pruegel-und-ein-gewaltsamer-tod-erlebt-das-westjordanland-einen-zweiten-arabischen-fruehling-215939.html\" target=\"_blank\" rel=\"noopener noreferrer\">Der Tagesspiegel, 08\/2021<\/a><\/p>\n<h3>High-Tech in Gaza: \u201eWir haben nur vier Stunden Strom am Tag\u201c<\/h3>\n<p><span class=\"text\">Wer von Gaza h\u00f6rt, denkt meist an Krieg, Leid, Stillstand. Doch es gibt ein anderes Gaza, ein junges, innovatives Gaza, das nach Wohlstand und Erneuerung strebt, die Sprache der globalen Tech-Community spricht und sein Schicksal in die eigenen H\u00e4nde nimmt.<\/span><br \/>\n<a href=\"https:\/\/www.capital.de\/p\/plus\/politik-wirtschaft\/gazas-hightechsektor---wir-haben-nur-vier-stunden-strom-am-tag--30593816.html\" target=\"_blank\" rel=\"noopener noreferrer\">Capital, 07\/2021<\/a><\/p>\n<h3><strong>Droht eine dritte Intifada?<\/strong><\/h3>\n<p>Israels Regierung will Teile des Westjordanlands annektieren. Es drohen Konflikte. Ein Besuch vor Ort.<br \/>\n<a href=\"https:\/\/www.tagesspiegel.de\/politik\/der-ewige-konflikt-im-nahen-osten-droht-israel-eine-dritte-intifada\/25957454.html\" target=\"_blank\" rel=\"noopener\">Der Tagesspiegel, 06\/2020<\/a><\/p>\n<h3>Am Rand<\/h3>\n<p><span class=\"text\">Geht es nach US-Pr\u00e4sident Trump, soll Abu Dis zur Hauptstadt Pal\u00e4stinas werden. Ein Besuch dort offenbart die tiefe Kluft zwischen den Narrativen.<\/span><br \/>\n<a href=\"https:\/\/www.zeit.de\/2020\/11\/abu-dis-palaestina-hauptstadt-jerusalem-donald-trump-nahost-konflikt\" target=\"_blank\" rel=\"noopener noreferrer\">Die Zeit, 11\/2020<\/a><\/p>\n<h3>Viel hilft wenig<\/h3>\n<p><span class=\"text\">Entwicklungshilfegelder sind nicht immer ein Segen \u2013 das zeigt sich nirgends deutlicher als in den Pal\u00e4stinensergebieten.<\/span><br \/>\n<a href=\"https:\/\/www.brandeins.de\/magazine\/brand-eins-wirtschaftsmagazin\/2019\/unabhaengigkeit\/entwicklungshilfe-viel-hilft-wenig\" target=\"_blank\" rel=\"noopener noreferrer\">Brandeins, 06\/2019<\/a><\/p>\n<p><strong>Weitere Artikel finden Sie auf <a href=\"https:\/\/www.torial.com\/mareike.enghusen\" target=\"_blank\" rel=\"noopener noreferrer\">Torial<\/a>.<\/strong><\/p>\n","protected":false},"excerpt":{"rendered":"<p>Mit Crowdfunding raus aus Gaza Tausende Pal\u00e4stinenser sammeln Geld durch Online-Kampagnen, um ihre Flucht aus Gaza zu finanzieren. Eine dubiose \u00e4gyptische Firma verdient Millionen mit dem Leid. Der&#8230;<\/p>\n","protected":false},"author":1,"featured_media":0,"parent":0,"menu_order":0,"comment_status":"closed","ping_status":"closed","template":"","meta":{"footnotes":"","_links_to":"","_links_to_target":""},"class_list":["post-642","page","type-page","status-publish","hentry"],"_links":{"self":[{"href":"https:\/\/www.mareike-enghusen.de\/index.php?rest_route=\/wp\/v2\/pages\/642"}],"collection":[{"href":"https:\/\/www.mareike-enghusen.de\/index.php?rest_route=\/wp\/v2\/pages"}],"about":[{"href":"https:\/\/www.mareike-enghusen.de\/index.php?rest_route=\/wp\/v2\/types\/page"}],"author":[{"embeddable":true,"href":"https:\/\/www.mareike-enghusen.de\/index.php?rest_route=\/wp\/v2\/users\/1"}],"replies":[{"embeddable":true,"href":"https:\/\/www.mareike-enghusen.de\/index.php?rest_route=%2Fwp%2Fv2%2Fcomments&post=642"}],"version-history":[{"count":52,"href":"https:\/\/www.mareike-enghusen.de\/index.php?rest_route=\/wp\/v2\/pages\/642\/revisions"}],"predecessor-version":[{"id":2540,"href":"https:\/\/www.mareike-enghusen.de\/index.php?rest_route=\/wp\/v2\/pages\/642\/revisions\/2540"}],"wp:attachment":[{"href":"https:\/\/www.mareike-enghusen.de\/index.php?rest_route=%2Fwp%2Fv2%2Fmedia&parent=642"}],"curies":[{"name":"wp","href":"https:\/\/api.w.org\/{rel}","templated":true}]}}