{"id":6,"date":"2014-12-08T19:06:45","date_gmt":"2014-12-08T19:06:45","guid":{"rendered":"http:\/\/www.mareike-enghusen.de\/?page_id=6"},"modified":"2025-04-29T10:12:07","modified_gmt":"2025-04-29T10:12:07","slug":"vita","status":"publish","type":"page","link":"https:\/\/www.mareike-enghusen.de\/?page_id=6","title":{"rendered":"Vita"},"content":{"rendered":"<p><a href=\"http:\/\/www.mareike-enghusen.de\/wp-content\/uploads\/2023\/02\/Profil1.jpg\"><img loading=\"lazy\" decoding=\"async\" class=\" wp-image-2380 alignleft\" src=\"http:\/\/www.mareike-enghusen.de\/wp-content\/uploads\/2023\/02\/Profil1-225x300.jpg\" alt=\"\" width=\"187\" height=\"250\" srcset=\"https:\/\/www.mareike-enghusen.de\/wp-content\/uploads\/2023\/02\/Profil1-225x300.jpg 225w, https:\/\/www.mareike-enghusen.de\/wp-content\/uploads\/2023\/02\/Profil1-768x1024.jpg 768w, https:\/\/www.mareike-enghusen.de\/wp-content\/uploads\/2023\/02\/Profil1-1152x1536.jpg 1152w, https:\/\/www.mareike-enghusen.de\/wp-content\/uploads\/2023\/02\/Profil1-973x1297.jpg 973w, https:\/\/www.mareike-enghusen.de\/wp-content\/uploads\/2023\/02\/Profil1-508x677.jpg 508w, https:\/\/www.mareike-enghusen.de\/wp-content\/uploads\/2023\/02\/Profil1.jpg 1492w\" sizes=\"(max-width: 187px) 100vw, 187px\" \/><\/a><\/p>\n<p style=\"text-align: justify;\">Mareike Enghusen berichtet seit 2014 aus dem Nahen Osten. Als Korrespondentin f\u00fcr Israel und die Pal\u00e4stinensergebiete arbeitet sie unter anderem f\u00fcr den <em>Tagesspiegel <\/em>und den Radiodienst der dpa. Dar\u00fcber hinaus schreibt sie f\u00fcr Magazine und Wochenzeitungen wie <em>Brandeins<\/em>, <em>Cicero<\/em>, <em>Stern<\/em>, <em>WirtschaftsWoche <\/em>und <em>Die Zeit<\/em>.<\/p>\n<p style=\"text-align: justify;\">Ihre journalistische Ausbildung absolvierte sie an der Henri-Nannen-Schule in Hamburg. Zuvor studierte sie Politik, Nahost- und Islamwissenschaften in G\u00f6ttingen, an der University of California und der University of St Andrews.<\/p>\n<p style=\"text-align: justify;\">2014 war sie Stipendiatin des Journalistenprogramms \u201eTrialog der Kulturen\u201c der Herbert-Quandt-Stiftung f\u00fcr Israel und die Pal\u00e4stinensergebiete. 2017 berichtete sie im Rahmen eines Stipendiums der Internationalen Journalisten-Programme (IJP) aus Kairo. 2018 erhielt sie ein Stipendium des Global Health Journalism Programme des European Journalism Centre f\u00fcr Recherchen im Libanon.<\/p>\n<p>Sie spricht Englisch, Spanisch, Franz\u00f6sisch, Hebr\u00e4isch und pal\u00e4stinensisches Arabisch.<\/p>\n","protected":false},"excerpt":{"rendered":"<p>Mareike Enghusen berichtet seit 2014 aus dem Nahen Osten. Als Korrespondentin f\u00fcr Israel und die Pal\u00e4stinensergebiete arbeitet sie unter anderem f\u00fcr den Tagesspiegel und den Radiodienst der dpa&#8230;.<\/p>\n","protected":false},"author":1,"featured_media":0,"parent":0,"menu_order":0,"comment_status":"closed","ping_status":"closed","template":"","meta":{"footnotes":"","_links_to":"","_links_to_target":""},"class_list":["post-6","page","type-page","status-publish","hentry"],"_links":{"self":[{"href":"https:\/\/www.mareike-enghusen.de\/index.php?rest_route=\/wp\/v2\/pages\/6"}],"collection":[{"href":"https:\/\/www.mareike-enghusen.de\/index.php?rest_route=\/wp\/v2\/pages"}],"about":[{"href":"https:\/\/www.mareike-enghusen.de\/index.php?rest_route=\/wp\/v2\/types\/page"}],"author":[{"embeddable":true,"href":"https:\/\/www.mareike-enghusen.de\/index.php?rest_route=\/wp\/v2\/users\/1"}],"replies":[{"embeddable":true,"href":"https:\/\/www.mareike-enghusen.de\/index.php?rest_route=%2Fwp%2Fv2%2Fcomments&post=6"}],"version-history":[{"count":283,"href":"https:\/\/www.mareike-enghusen.de\/index.php?rest_route=\/wp\/v2\/pages\/6\/revisions"}],"predecessor-version":[{"id":2613,"href":"https:\/\/www.mareike-enghusen.de\/index.php?rest_route=\/wp\/v2\/pages\/6\/revisions\/2613"}],"wp:attachment":[{"href":"https:\/\/www.mareike-enghusen.de\/index.php?rest_route=%2Fwp%2Fv2%2Fmedia&parent=6"}],"curies":[{"name":"wp","href":"https:\/\/api.w.org\/{rel}","templated":true}]}}