{"id":1928,"date":"2022-01-04T19:06:37","date_gmt":"2022-01-04T19:06:37","guid":{"rendered":"http:\/\/www.mareike-enghusen.de\/?page_id=1928"},"modified":"2022-05-04T09:29:27","modified_gmt":"2022-05-04T09:29:27","slug":"vermischtes","status":"publish","type":"page","link":"https:\/\/www.mareike-enghusen.de\/?page_id=1928","title":{"rendered":"Pers\u00f6nliches"},"content":{"rendered":"<h3><strong>Weiblicher Auslandsjournalismus weltweit: Berichterstattung aus Israel<\/strong><\/h3>\n<p>Manchmal gibt es Schl\u00fcsselmomente im Leben, die man erst im Nachhinein als solche erkennt. Vor elf Jahren hatte ich einen solchen Moment. Wie ich zur Korrespondentin in Israel wurde.<br \/>\n<a href=\"https:\/\/www.fachjournalist.de\/weiblicher-auslandsjournalismus-weltweit-berichterstattung-aus-israel\/\" target=\"_blank\" rel=\"noopener noreferrer\">Fachjournalist, 05\/2022<\/a><\/p>\n<h3><strong>In diesem Land gibt es immer einen Weg <\/strong><\/h3>\n<p>2020 war f\u00fcr Israel ein besonderes Jahr, auch f\u00fcr unsere Israel-Korrespondentin Mareike Enghusen. Sie hat das Land noch einmal neu entdeckt.<br \/>\n<a href=\"https:\/\/www.cicero.de\/aussenpolitik\/israel-benjamin-netanjahu-impfung-corona-friedensabkommen-jahresrueckblick\" target=\"_blank\" rel=\"noopener noreferrer\">Cicero, 01\/2021<\/a><\/p>\n<h3><strong>Ein Anschlag auf einen ist ein Anschlag auf alle<\/strong><\/h3>\n<p>Ein Jahr nach dem Attentat in Berlin \u00f6ffnen wieder die Weihnachtsm\u00e4rkte \u2013 f\u00fcr viele ein beklemmendes Gef\u00fchl. Mareike Enghusen lebt in Israel, wo Terror l\u00e4ngst zum Alltag geh\u00f6rt. Gew\u00f6hnt man sich daran?<br \/>\n<a href=\"https:\/\/www.zeit.de\/2017\/49\/attentate-anschlaege-terror-alltag\" target=\"_blank\" rel=\"noopener noreferrer\">Die Zeit, 12\/2017<\/a><\/p>\n<p><strong>Weitere Artikel finden Sie auf <a href=\"https:\/\/www.torial.com\/mareike.enghusen\" target=\"_blank\" rel=\"noopener noreferrer\">Torial<\/a>.<\/strong><\/p>\n","protected":false},"excerpt":{"rendered":"<p>Weiblicher Auslandsjournalismus weltweit: Berichterstattung aus Israel Manchmal gibt es Schl\u00fcsselmomente im Leben, die man erst im Nachhinein als solche erkennt. Vor elf Jahren hatte ich einen solchen Moment&#8230;.<\/p>\n","protected":false},"author":1,"featured_media":0,"parent":0,"menu_order":0,"comment_status":"closed","ping_status":"closed","template":"","meta":{"footnotes":"","_links_to":"","_links_to_target":""},"class_list":["post-1928","page","type-page","status-publish","hentry"],"_links":{"self":[{"href":"https:\/\/www.mareike-enghusen.de\/index.php?rest_route=\/wp\/v2\/pages\/1928"}],"collection":[{"href":"https:\/\/www.mareike-enghusen.de\/index.php?rest_route=\/wp\/v2\/pages"}],"about":[{"href":"https:\/\/www.mareike-enghusen.de\/index.php?rest_route=\/wp\/v2\/types\/page"}],"author":[{"embeddable":true,"href":"https:\/\/www.mareike-enghusen.de\/index.php?rest_route=\/wp\/v2\/users\/1"}],"replies":[{"embeddable":true,"href":"https:\/\/www.mareike-enghusen.de\/index.php?rest_route=%2Fwp%2Fv2%2Fcomments&post=1928"}],"version-history":[{"count":9,"href":"https:\/\/www.mareike-enghusen.de\/index.php?rest_route=\/wp\/v2\/pages\/1928\/revisions"}],"predecessor-version":[{"id":2189,"href":"https:\/\/www.mareike-enghusen.de\/index.php?rest_route=\/wp\/v2\/pages\/1928\/revisions\/2189"}],"wp:attachment":[{"href":"https:\/\/www.mareike-enghusen.de\/index.php?rest_route=%2Fwp%2Fv2%2Fmedia&parent=1928"}],"curies":[{"name":"wp","href":"https:\/\/api.w.org\/{rel}","templated":true}]}}