{"id":1107,"date":"2017-11-15T20:46:47","date_gmt":"2017-11-15T20:46:47","guid":{"rendered":"http:\/\/www.mareike-enghusen.de\/?page_id=1107"},"modified":"2022-10-27T10:42:04","modified_gmt":"2022-10-27T10:42:04","slug":"libanon","status":"publish","type":"page","link":"https:\/\/www.mareike-enghusen.de\/?page_id=1107","title":{"rendered":"Libanon"},"content":{"rendered":"<h3>Der Unbestechliche<\/h3>\n<p>Er bezeichnet seine Aufgabe als \u201eheilig\u201c: Der libanesische Richter Tarek Bitar soll die verheerende Explosion am Beiruter Hafen aufkl\u00e4ren \u2013 und macht sich dabei viele Feinde. Wie lange kann Bitar durchhalten?<br \/>\n<a href=\"https:\/\/www.cicero.de\/comment\/285802\" target=\"_blank\" rel=\"noopener noreferrer\">Cicero, 10\/2021<\/a><\/p>\n<h3>Hinter dem Schleier<\/h3>\n<p>Geschlechterrollen, \u00d6konomie und M\u00e4nner bestimmen das K\u00f6rperbild vieler Frauen in arabischen L\u00e4ndern wie dem Libanon. Doch langsam regt sich ein neues Selbstbewusststein.<br \/>\n<a href=\"https:\/\/www.torial.com\/mareike.enghusen\/contents\/533674\" target=\"_blank\" rel=\"noopener noreferrer\">Stern Gesund Leben, 04\/2019<\/a><\/p>\n<h3>Fremde im eigenen Land<\/h3>\n<p>Libanesische Frauen, die einen ausl\u00e4ndischen Mann heiraten, d\u00fcrfen ihre Staatsb\u00fcrgerschaft nicht an ihre Kinder \u00fcbertragen. Die Betroffenen f\u00fchlen sich von ihrem eigenen Land diskriminiert.<br \/>\n<a href=\"https:\/\/www.deine-korrespondentin.de\/fremde-im-eigenen-land\/\" target=\"_blank\" rel=\"noopener noreferrer\">Deine Korrespondentin, 03\/2019<\/a><\/p>\n<h3>Endstation Shatila<\/h3>\n<p>Tausende syrische Fl\u00fcchtlinge ziehen in pal\u00e4stinensische Fl\u00fcchtlingscamps im Libanon \u2013 vor allem Frauen und Kinder. Ihnen droht ein Leben in Armut und Abh\u00e4ngigkeit.<br \/>\n<a href=\"http:\/\/www.deine-korrespondentin.de\/endstation-shatila\/\" target=\"_blank\" rel=\"noopener noreferrer\">Deine Korrespondentin, 11\/2017<\/a><\/p>\n<h3>Hisbollahs Disneyland<\/h3>\n<p>In ihrem Museum im S\u00fcdlibanon stellt die Hisbollah ihre eigent\u00fcmliche Weltsicht zur Schau.<br \/>\n<a href=\"https:\/\/www.welt.de\/politik\/ausland\/article168413641\/Hisbollahs-Disneyland.html\" target=\"_blank\" rel=\"noopener noreferrer\">Die Welt, 10\/2017<\/a><\/p>\n<h3>Vergewaltigt und zur Heirat mit dem T\u00e4ter gezwungen<\/h3>\n<p><span class=\"text\">Frauen im Libanon k\u00e4mpfen gegen ein archaisches Gesetz, das Vergewaltiger straffrei davonkommen l\u00e4sst.<\/span><br \/>\n<a href=\"https:\/\/www.welt.de\/politik\/ausland\/article167558405\/Vergewaltigt-und-zur-Heirat-mit-dem-Taeter-gezwungen.html\" target=\"_blank\" rel=\"noopener noreferrer\">Die Welt, 08\/2017<br \/>\n<\/a><\/p>\n<p><strong>Weitere Artikel finden Sie auf <a href=\"https:\/\/www.torial.com\/mareike.enghusen\" target=\"_blank\" rel=\"noopener noreferrer\">Torial<\/a>.<\/strong><\/p>\n","protected":false},"excerpt":{"rendered":"<p>Der Unbestechliche Er bezeichnet seine Aufgabe als \u201eheilig\u201c: Der libanesische Richter Tarek Bitar soll die verheerende Explosion am Beiruter Hafen aufkl\u00e4ren \u2013 und macht sich dabei viele Feinde&#8230;.<\/p>\n","protected":false},"author":1,"featured_media":0,"parent":0,"menu_order":0,"comment_status":"closed","ping_status":"closed","template":"","meta":{"footnotes":"","_links_to":"","_links_to_target":""},"class_list":["post-1107","page","type-page","status-publish","hentry"],"_links":{"self":[{"href":"https:\/\/www.mareike-enghusen.de\/index.php?rest_route=\/wp\/v2\/pages\/1107"}],"collection":[{"href":"https:\/\/www.mareike-enghusen.de\/index.php?rest_route=\/wp\/v2\/pages"}],"about":[{"href":"https:\/\/www.mareike-enghusen.de\/index.php?rest_route=\/wp\/v2\/types\/page"}],"author":[{"embeddable":true,"href":"https:\/\/www.mareike-enghusen.de\/index.php?rest_route=\/wp\/v2\/users\/1"}],"replies":[{"embeddable":true,"href":"https:\/\/www.mareike-enghusen.de\/index.php?rest_route=%2Fwp%2Fv2%2Fcomments&post=1107"}],"version-history":[{"count":19,"href":"https:\/\/www.mareike-enghusen.de\/index.php?rest_route=\/wp\/v2\/pages\/1107\/revisions"}],"predecessor-version":[{"id":2287,"href":"https:\/\/www.mareike-enghusen.de\/index.php?rest_route=\/wp\/v2\/pages\/1107\/revisions\/2287"}],"wp:attachment":[{"href":"https:\/\/www.mareike-enghusen.de\/index.php?rest_route=%2Fwp%2Fv2%2Fmedia&parent=1107"}],"curies":[{"name":"wp","href":"https:\/\/api.w.org\/{rel}","templated":true}]}}