{"id":2502,"date":"2023-11-01T15:11:28","date_gmt":"2023-11-01T15:11:28","guid":{"rendered":"http:\/\/www.mareike-enghusen.de\/?page_id=2502"},"modified":"2023-11-19T12:05:27","modified_gmt":"2023-11-19T12:05:27","slug":"tv","status":"publish","type":"page","link":"http:\/\/www.mareike-enghusen.de\/?page_id=2502","title":{"rendered":"TV"},"content":{"rendered":"<h3><strong>Israel hat sich nach Angaben der USA zu t\u00e4glichen Feuerpausen bereiterkl\u00e4rt<\/strong><\/h3>\n<p><a href=\"https:\/\/www.youtube.com\/watch?v=14nBN9oETnY\" target=\"_blank\" rel=\"noopener noreferrer\">Deutsche Welle (ab 03:10), 09.11.2023<\/a><\/p>\n<h3><strong>Gaza: Das israelische Milit\u00e4r r\u00fcckt weiter vor<\/strong><\/h3>\n<p><a href=\"https:\/\/www.youtube.com\/watch?v=X0Nkte0YhRY\" target=\"_blank\" rel=\"noopener noreferrer\">Deutsche Welle (ab 02:20), 06.11.2023<\/a><\/p>\n<h3><strong>Israel setzt Bodenoffensive im Gazastreifen fort<\/strong><\/h3>\n<p><a href=\"https:\/\/www.dw.com\/de\/der-tag-vom-30102023\/video-67259985\" target=\"_blank\" rel=\"noopener noreferrer\">Deutsche Welle (ab 04:30), 30.10.2023<\/a><\/p>\n<h3><strong>Israelischer Panzervorsto\u00df im Gazastreifen<\/strong><\/h3>\n<p><a href=\"https:\/\/www.youtube.com\/watch?v=qw_TH7XG38Q\" target=\"_blank\" rel=\"noopener noreferrer\">Deutsche Welle (ab 02:45), 26.10.2023<\/a><\/p>\n","protected":false},"excerpt":{"rendered":"<p>Israel hat sich nach Angaben der USA zu t\u00e4glichen Feuerpausen bereiterkl\u00e4rt Deutsche Welle (ab 03:10), 09.11.2023 Gaza: Das israelische Milit\u00e4r r\u00fcckt weiter vor Deutsche Welle (ab 02:20), 06.11.2023&#8230;<\/p>\n","protected":false},"author":1,"featured_media":0,"parent":0,"menu_order":0,"comment_status":"closed","ping_status":"closed","template":"","meta":{"footnotes":"","_links_to":"","_links_to_target":""},"class_list":["post-2502","page","type-page","status-publish","hentry"],"_links":{"self":[{"href":"http:\/\/www.mareike-enghusen.de\/index.php?rest_route=\/wp\/v2\/pages\/2502"}],"collection":[{"href":"http:\/\/www.mareike-enghusen.de\/index.php?rest_route=\/wp\/v2\/pages"}],"about":[{"href":"http:\/\/www.mareike-enghusen.de\/index.php?rest_route=\/wp\/v2\/types\/page"}],"author":[{"embeddable":true,"href":"http:\/\/www.mareike-enghusen.de\/index.php?rest_route=\/wp\/v2\/users\/1"}],"replies":[{"embeddable":true,"href":"http:\/\/www.mareike-enghusen.de\/index.php?rest_route=%2Fwp%2Fv2%2Fcomments&post=2502"}],"version-history":[{"count":7,"href":"http:\/\/www.mareike-enghusen.de\/index.php?rest_route=\/wp\/v2\/pages\/2502\/revisions"}],"predecessor-version":[{"id":2515,"href":"http:\/\/www.mareike-enghusen.de\/index.php?rest_route=\/wp\/v2\/pages\/2502\/revisions\/2515"}],"wp:attachment":[{"href":"http:\/\/www.mareike-enghusen.de\/index.php?rest_route=%2Fwp%2Fv2%2Fmedia&parent=2502"}],"curies":[{"name":"wp","href":"https:\/\/api.w.org\/{rel}","templated":true}]}}