{"id":1136,"date":"2017-12-11T16:07:07","date_gmt":"2017-12-11T16:07:07","guid":{"rendered":"http:\/\/www.mareike-enghusen.de\/?page_id=1136"},"modified":"2022-11-23T10:31:07","modified_gmt":"2022-11-23T10:31:07","slug":"aegypten","status":"publish","type":"page","link":"http:\/\/www.mareike-enghusen.de\/?page_id=1136","title":{"rendered":"\u00c4gypten"},"content":{"rendered":"<h3><strong>Seidenstra\u00dfe nach Kairo<\/strong><\/h3>\n<p>Wie China seinen Einfluss am Nil ausbaut \u2013 und wie der Westen darauf reagieren kann.<br \/>\n<a href=\"https:\/\/internationalepolitik.de\/de\/seidenstrasse-nach-kairo\" target=\"_blank\" rel=\"noopener noreferrer\">Internationale Politik, 11\/2022<\/a><\/p>\n<h3><strong>Angesagte Tugenden<\/strong><\/h3>\n<p>Deutsche Schulen sind begehrt in \u00c4gypten: In der wirtschaftlichen Dauerkrise hoffen Eltern hoffen auf Startvorteile f\u00fcr ihre Kinder.<br \/>\n<a href=\"https:\/\/www.zeit.de\/2020\/11\/aegypten-deutsche-schulen-esk-bildungschancen-abitur\" target=\"_blank\" rel=\"noopener noreferrer\">Die Zeit, 03\/2020<\/a><\/p>\n<h3><strong>\u201eIhre Route wird (doppelt) berechnet\u201c<\/strong><\/h3>\n<p>In \u00c4gypten verdienen viele so wenig, dass sie sich ein Nebengesch\u00e4ft suchen. Nicht immer legal, daf\u00fcr oft kreativ.<br \/>\n<a href=\"https:\/\/www.brandeins.de\/magazine\/brand-eins-wirtschaftsmagazin\/2019\/gehalt\/nebengeschaeft-aegypten-ihre-route-wird-doppelt-berechnet\" target=\"_blank\" rel=\"noopener noreferrer\">Brandeins, 09\/2019<\/a><\/p>\n<h3><strong>\u201eKeine Sorge, du bist mein Gast\u201c<\/strong><\/h3>\n<p>In \u00c4gypten wird der Besucher auf H\u00e4nden getragen \u2013 nur nicht von professionellen Dienstleistern. Ein Start-up aus den USA schafft Abhilfe.<br \/>\n<a href=\"https:\/\/www.brandeins.de\/magazine\/brand-eins-wirtschaftsmagazin\/2018\/service\/service-in-aegypten-keine-sorge-du-bist-mein-gast\" target=\"_blank\" rel=\"noopener noreferrer\">Brandeins, 07\/2018<\/a><\/p>\n<h3><strong>Was soll aus den Kindern werden?<\/strong><\/h3>\n<p>\u00c4gyptens Bev\u00f6lkerungszahl explodiert, die Wirtschaft kommt nicht mit. Helfen k\u00f6nnten freie Frauen.<br \/>\n<a href=\"http:\/\/www.zeit.de\/2018\/13\/aegypten-bevoelkerungswachstum-foerderung-frauen\" target=\"_blank\" rel=\"noopener noreferrer\">Die Zeit, 03\/2018<\/a><\/p>\n<h3><strong>\u201eF\u00fcr Menschen wie mich gibt es keinen Platz auf dieser Welt&#8220;<\/strong><\/h3>\n<p>\u00c4gypter, die nicht an Gott glauben, werden ge\u00e4chtet oder landen im Gef\u00e4ngnis. Jetzt fordern muslimische und christliche Autorit\u00e4ten, Atheismus zu verbieten. Zwei Betroffene berichten von ihrem gef\u00e4hrlichen Leben in \u00c4gypten.<br \/>\n<a href=\"https:\/\/www.welt.de\/politik\/ausland\/plus175499638\/Atheisten-in-Aegypten-Fuer-Menschen-wie-mich-gibt-es-keinen-Platz.html\" target=\"_blank\" rel=\"noopener noreferrer\">Die Welt, 04\/2018<\/a><\/p>\n<h3><strong>\u201eMeine ganze Generation tr\u00e4umt vom Auswandern&#8220;<\/strong><\/h3>\n<p>Ende M\u00e4rz w\u00e4hlt \u00c4gypten einen Pr\u00e4sidenten. Sieben Jahre nach der Arabellion sind vor allem junge \u00c4gypter frustrierter denn je.<br \/>\n<a href=\"https:\/\/www.welt.de\/politik\/ausland\/article173145386\/Aegypten-Meine-ganze-Generation-traeumt-vom-Auswandern.html\" target=\"_blank\" rel=\"noopener noreferrer\">Die Welt, 02\/2018<\/a><\/p>\n<p><strong>Weitere Artikel finden Sie auf <a href=\"https:\/\/www.torial.com\/mareike.enghusen\" target=\"_blank\" rel=\"noopener noreferrer\">Torial<\/a>.<\/strong><\/p>\n","protected":false},"excerpt":{"rendered":"<p>Seidenstra\u00dfe nach Kairo Wie China seinen Einfluss am Nil ausbaut \u2013 und wie der Westen darauf reagieren kann. Internationale Politik, 11\/2022 Angesagte Tugenden Deutsche Schulen sind begehrt in&#8230;<\/p>\n","protected":false},"author":1,"featured_media":0,"parent":0,"menu_order":0,"comment_status":"closed","ping_status":"closed","template":"","meta":{"footnotes":"","_links_to":"","_links_to_target":""},"class_list":["post-1136","page","type-page","status-publish","hentry"],"_links":{"self":[{"href":"http:\/\/www.mareike-enghusen.de\/index.php?rest_route=\/wp\/v2\/pages\/1136"}],"collection":[{"href":"http:\/\/www.mareike-enghusen.de\/index.php?rest_route=\/wp\/v2\/pages"}],"about":[{"href":"http:\/\/www.mareike-enghusen.de\/index.php?rest_route=\/wp\/v2\/types\/page"}],"author":[{"embeddable":true,"href":"http:\/\/www.mareike-enghusen.de\/index.php?rest_route=\/wp\/v2\/users\/1"}],"replies":[{"embeddable":true,"href":"http:\/\/www.mareike-enghusen.de\/index.php?rest_route=%2Fwp%2Fv2%2Fcomments&post=1136"}],"version-history":[{"count":51,"href":"http:\/\/www.mareike-enghusen.de\/index.php?rest_route=\/wp\/v2\/pages\/1136\/revisions"}],"predecessor-version":[{"id":2312,"href":"http:\/\/www.mareike-enghusen.de\/index.php?rest_route=\/wp\/v2\/pages\/1136\/revisions\/2312"}],"wp:attachment":[{"href":"http:\/\/www.mareike-enghusen.de\/index.php?rest_route=%2Fwp%2Fv2%2Fmedia&parent=1136"}],"curies":[{"name":"wp","href":"https:\/\/api.w.org\/{rel}","templated":true}]}}